{"id":341,"date":"2025-02-26T16:26:37","date_gmt":"2025-02-26T19:26:37","guid":{"rendered":"https:\/\/stratejikankara.com\/?page_id=341"},"modified":"2025-02-26T16:40:04","modified_gmt":"2025-02-26T19:40:04","slug":"hakkimizda","status":"publish","type":"page","link":"https:\/\/stratejikankara.com\/index.php\/hakkimizda\/","title":{"rendered":"Hakk\u0131m\u0131zda"},"content":{"rendered":"\t\t<div data-elementor-type=\"wp-page\" data-elementor-id=\"341\" class=\"elementor elementor-341\">\n\t\t\t\t\t\t<section class=\"elementor-section elementor-top-section elementor-element elementor-element-0e62b8f elementor-section-boxed elementor-section-height-default elementor-section-height-default\" data-id=\"0e62b8f\" data-element_type=\"section\" data-e-type=\"section\">\n\t\t\t\t\t\t<div class=\"elementor-container elementor-column-gap-default\">\n\t\t\t\t\t<div class=\"elementor-column elementor-col-100 elementor-top-column elementor-element elementor-element-820b2b3\" data-id=\"820b2b3\" data-element_type=\"column\" data-e-type=\"column\">\n\t\t\t<div class=\"elementor-widget-wrap elementor-element-populated\">\n\t\t\t\t\t\t<div class=\"elementor-element elementor-element-1c3fa6f elementor-widget elementor-widget-heading\" data-id=\"1c3fa6f\" data-element_type=\"widget\" data-e-type=\"widget\" data-widget_type=\"heading.default\">\n\t\t\t\t<div class=\"elementor-widget-container\">\n\t\t\t\t\t<h2 class=\"elementor-heading-title elementor-size-default\">Hakk\u0131m\u0131zda<\/h2>\t\t\t\t<\/div>\n\t\t\t\t<\/div>\n\t\t\t\t\t<\/div>\n\t\t<\/div>\n\t\t\t\t\t<\/div>\n\t\t<\/section>\n\t\t\t\t<section class=\"elementor-section elementor-top-section elementor-element elementor-element-5bed528 elementor-section-boxed elementor-section-height-default elementor-section-height-default\" data-id=\"5bed528\" data-element_type=\"section\" data-e-type=\"section\">\n\t\t\t\t\t\t<div class=\"elementor-container elementor-column-gap-default\">\n\t\t\t\t\t<div class=\"elementor-column elementor-col-100 elementor-top-column elementor-element elementor-element-c8bc40e\" data-id=\"c8bc40e\" data-element_type=\"column\" data-e-type=\"column\">\n\t\t\t<div class=\"elementor-widget-wrap elementor-element-populated\">\n\t\t\t\t\t\t<div class=\"elementor-element elementor-element-2a9f0f7 elementor-widget elementor-widget-text-editor\" data-id=\"2a9f0f7\" data-element_type=\"widget\" data-e-type=\"widget\" data-widget_type=\"text-editor.default\">\n\t\t\t\t<div class=\"elementor-widget-container\">\n\t\t\t\t\t\t\t\t\t<p>Ankara Stratejik Ara\u015ft\u0131rmalar Merkezi (ANKARA SAM), T\u00fcrkiye\u2019nin kalbinde, ba\u015fkent Ankara\u2019da, \u00fclkenin ve T\u00fcrk d\u00fcnyas\u0131n\u0131n gelece\u011fine y\u00f6nelik stratejik d\u00fc\u015f\u00fcnce \u00fcretmek amac\u0131yla kurulmu\u015f ba\u011f\u0131ms\u0131z bir kurulu\u015ftur. ANKARA SAM, ulusal ve uluslararas\u0131 arenada T\u00fcrkiye\u2019nin ve T\u00fcrk d\u00fcnyas\u0131n\u0131n kar\u015f\u0131la\u015ft\u0131\u011f\u0131 sorunlara y\u00f6nelik derinlemesine analizler yapmakta, \u00e7\u00f6z\u00fcm \u00f6nerileri geli\u015ftirmekte ve bu alanda uzman g\u00f6r\u00fc\u015flerini kamuoyuyla payla\u015fmaktad\u0131r. Merkezimiz, T\u00fcrkiye\u2019nin ve T\u00fcrk d\u00fcnyas\u0131n\u0131n, k\u00fcresel ve b\u00f6lgesel d\u00fczeyde daha etkin bir rol oynamas\u0131na katk\u0131da bulunmay\u0131 ama\u00e7lamaktad\u0131r.<\/p><p><strong>Misyonumuz<\/strong><\/p><p>ANKARA SAM\u2019\u0131n misyonu, T\u00fcrkiye\u2019nin ve T\u00fcrk d\u00fcnyas\u0131n\u0131n, k\u00fcresel ve b\u00f6lgesel d\u00fczeyde kar\u015f\u0131la\u015ft\u0131\u011f\u0131 siyasi, ekonomik, sosyal, k\u00fclt\u00fcrel ve \u00e7evresel sorunlara y\u00f6nelik bilimsel ve ak\u0131lc\u0131 \u00e7\u00f6z\u00fcmler \u00fcretmek, T\u00fcrkiye\u2019nin ve T\u00fcrk d\u00fcnyas\u0131n\u0131n bu de\u011fi\u015fimlere uyum sa\u011flamas\u0131na katk\u0131da bulunmakt\u0131r. Merkezimiz, tarafs\u0131z ve ba\u011f\u0131ms\u0131z bir bak\u0131\u015f a\u00e7\u0131s\u0131yla, bilimsel verilere dayal\u0131 ara\u015ft\u0131rmalar yaparak, politika yap\u0131c\u0131lara, akademisyenlere, i\u015f d\u00fcnyas\u0131na ve kamuoyuna do\u011fru ve g\u00fcvenilir bilgiler sunmay\u0131 ama\u00e7lamaktad\u0131r. ANKARA SAM, T\u00fcrkiye\u2019nin ve T\u00fcrk d\u00fcnyas\u0131n\u0131n gelece\u011fi i\u00e7in stratejik d\u00fc\u015f\u00fcnce \u00fcreterek, politika ve strateji geli\u015ftirmeye katk\u0131da bulunmay\u0131 ve bu alanda \u00f6nc\u00fc bir rol oynamay\u0131 hedeflemektedir.<\/p><p><strong>Vizyonumuz<\/strong><\/p><p>ANKARA SAM, T\u00fcrkiye\u2019nin ve T\u00fcrk d\u00fcnyas\u0131n\u0131n b\u00f6lgesel ve k\u00fcresel d\u00fczeyde daha etkin bir rol oynamas\u0131na katk\u0131da bulunan, sayg\u0131n ve etkili bir d\u00fc\u015f\u00fcnce kurulu\u015fu olmay\u0131 hedeflemektedir. Merkezimiz, uluslararas\u0131 i\u015fbirlikleri yaparak, farkl\u0131 k\u00fclt\u00fcrlerden ve d\u00fc\u015f\u00fcncelerden insanlar\u0131 bir araya getirerek, daha adil, bar\u0131\u015f\u00e7\u0131l ve m\u00fcreffeh bir d\u00fcnyan\u0131n in\u015fas\u0131na katk\u0131da bulunmay\u0131 ama\u00e7lamaktad\u0131r. ANKARA SAM, T\u00fcrkiye\u2019nin ve T\u00fcrk d\u00fcnyas\u0131n\u0131n, uluslararas\u0131 arenada daha etkin bir konuma sahip olmas\u0131 i\u00e7in \u00e7al\u0131\u015fmalar\u0131n\u0131 s\u00fcrd\u00fcrmektedir.<\/p><p><strong>De\u011ferlerimiz<\/strong><\/p><p>ANKARA SAM, \u00e7al\u0131\u015fmalar\u0131n\u0131 a\u015fa\u011f\u0131daki de\u011ferler do\u011frultusunda y\u00fcr\u00fctmektedir:<\/p><ul class=\"wp-block-list\"><li><strong>Ba\u011f\u0131ms\u0131zl\u0131k:<\/strong>\u00a0ANKARA SAM, herhangi bir siyasi parti, ideoloji veya kurumun etkisinde kalmadan, ba\u011f\u0131ms\u0131z bir \u015fekilde ara\u015ft\u0131rmalar yapar ve g\u00f6r\u00fc\u015flerini a\u00e7\u0131klar. Merkezimiz, kendi \u00f6zg\u00fcn d\u00fc\u015f\u00fcncelerini ve analizlerini \u00fcretir.<\/li><li><strong>Tarafs\u0131zl\u0131k:<\/strong>\u00a0ANKARA SAM, ara\u015ft\u0131rmalar\u0131nda ve g\u00f6r\u00fc\u015flerinde tarafs\u0131z bir yakla\u015f\u0131m sergiler, farkl\u0131 g\u00f6r\u00fc\u015flere sayg\u0131 duyar ve bilimsel verilere dayan\u0131r. Merkezimiz, her t\u00fcrl\u00fc \u00f6nyarg\u0131dan ar\u0131nm\u0131\u015f bir \u015fekilde \u00e7al\u0131\u015fmalar\u0131n\u0131 y\u00fcr\u00fct\u00fcr.<\/li><li><strong>Bilimsellik:<\/strong>\u00a0ANKARA SAM, ara\u015ft\u0131rmalar\u0131n\u0131 bilimsel y\u00f6ntemlerle yapar, g\u00fcvenilir ve do\u011frulanabilir bilgiler sunar. Merkezimiz, ara\u015ft\u0131rma sonu\u00e7lar\u0131n\u0131 titizlikle de\u011ferlendirir ve kamuoyuyla payla\u015f\u0131r.<\/li><li><strong>Kat\u0131l\u0131mc\u0131l\u0131k:<\/strong>\u00a0ANKARA SAM, farkl\u0131 disiplinlerden ve g\u00f6r\u00fc\u015flerden uzmanlar\u0131 bir araya getirerek, kat\u0131l\u0131mc\u0131 bir ara\u015ft\u0131rma ortam\u0131 olu\u015fturur. Merkezimiz, farkl\u0131 bak\u0131\u015f a\u00e7\u0131lar\u0131n\u0131 dikkate alarak daha zengin ve kapsaml\u0131 analizler yapar.<\/li><li><strong>\u015eeffafl\u0131k:<\/strong>\u00a0ANKARA SAM, yapt\u0131\u011f\u0131 ara\u015ft\u0131rmalar\u0131 ve g\u00f6r\u00fc\u015flerini kamuoyuyla \u015feffaf bir \u015fekilde payla\u015f\u0131r. Merkezimiz, hesap verebilirli\u011fe \u00f6nem verir ve kamuoyunun do\u011fru bilgilere eri\u015fmesini sa\u011flar.<\/li><\/ul><p><strong>Faaliyet Alanlar\u0131m\u0131z<\/strong><\/p><p><strong>ANKARA SAM, a\u015fa\u011f\u0131daki faaliyet alanlar\u0131nda \u00e7al\u0131\u015fmalar yapmaktad\u0131r:<\/strong><\/p><ul class=\"wp-block-list\"><li><strong>Ulusal ve Uluslararas\u0131 Siyaset:<\/strong>\u00a0T\u00fcrkiye\u2019nin d\u0131\u015f politikas\u0131, b\u00f6lgesel ve k\u00fcresel geli\u015fmeler, uluslararas\u0131 kurulu\u015flar, \u00e7at\u0131\u015fma \u00e7\u00f6z\u00fcmleri, g\u00fcvenlik politikalar\u0131, enerji politikalar\u0131 gibi konular\u0131 ele al\u0131r.<\/li><li><strong>T\u00fcrk D\u00fcnyas\u0131:<\/strong>\u00a0T\u00fcrk d\u00fcnyas\u0131n\u0131n tarihi, k\u00fclt\u00fcrel miras\u0131, dil ve edebiyat\u0131, ekonomisi, siyasi sorunlar\u0131, insan haklar\u0131, e\u011fitim ve gen\u00e7lik sorunlar\u0131 gibi konular\u0131 inceler.<\/li><li><strong>S\u00fcrd\u00fcr\u00fclebilir E\u011fitim Modelleri:<\/strong>\u00a0T\u00fcrkiye\u2019nin ve T\u00fcrk d\u00fcnyas\u0131n\u0131n e\u011fitim sistemlerini analiz eder, yeni ve s\u00fcrd\u00fcr\u00fclebilir e\u011fitim modelleri geli\u015ftirir, e\u011fitimde f\u0131rsat e\u015fitli\u011fi, mesleki e\u011fitim, hayat boyu \u00f6\u011frenme gibi konulara odaklan\u0131r.<\/li><li><strong>Ekonomi:<\/strong>\u00a0T\u00fcrkiye ve d\u00fcnya ekonomisindeki geli\u015fmeleri analiz eder, ekonomik politikalar, finansal piyasalar, ticaret, sanayi, tar\u0131m, enerji gibi alanlarda ara\u015ft\u0131rmalar yapar.<\/li><li><strong>\u00c7evre ve Do\u011fa:<\/strong>\u00a0\u0130klim de\u011fi\u015fikli\u011fi, su kaynaklar\u0131, do\u011fal afetler, \u00e7evre kirlili\u011fi, biyo\u00e7e\u015fitlilik gibi \u00e7evre sorunlar\u0131na y\u00f6nelik ara\u015ft\u0131rmalar yapar, s\u00fcrd\u00fcr\u00fclebilir \u00e7evre politikalar\u0131 geli\u015ftirir.<\/li><li><strong>Sa\u011fl\u0131k:<\/strong>\u00a0T\u00fcrkiye\u2019nin ve d\u00fcnyan\u0131n sa\u011fl\u0131k sorunlar\u0131na y\u00f6nelik ara\u015ft\u0131rmalar yapar, sa\u011fl\u0131k politikalar\u0131, halk sa\u011fl\u0131\u011f\u0131, sa\u011fl\u0131k teknolojileri, sa\u011fl\u0131k e\u011fitimi gibi konulara odaklan\u0131r.<\/li><\/ul>\t\t\t\t\t\t\t\t<\/div>\n\t\t\t\t<\/div>\n\t\t\t\t\t<\/div>\n\t\t<\/div>\n\t\t\t\t\t<\/div>\n\t\t<\/section>\n\t\t\t\t<\/div>\n\t\t","protected":false},"excerpt":{"rendered":"<p>Hakk\u0131m\u0131zda Ankara Stratejik Ara\u015ft\u0131rmalar Merkezi (ANKARA SAM), T\u00fcrkiye\u2019nin kalbinde, ba\u015fkent Ankara\u2019da, \u00fclkenin ve T\u00fcrk d\u00fcnyas\u0131n\u0131n gelece\u011fine y\u00f6nelik stratejik d\u00fc\u015f\u00fcnce \u00fcretmek [&hellip;]<\/p>\n","protected":false},"author":1,"featured_media":0,"parent":0,"menu_order":0,"comment_status":"closed","ping_status":"closed","template":"","meta":{"site-sidebar-layout":"no-sidebar","site-content-layout":"","ast-site-content-layout":"full-width-container","site-content-style":"default","site-sidebar-style":"default","ast-global-header-display":"","ast-banner-title-visibility":"","ast-main-header-display":"","ast-hfb-above-header-display":"","ast-hfb-below-header-display":"","ast-hfb-mobile-header-display":"","site-post-title":"disabled","ast-breadcrumbs-content":"","ast-featured-img":"disabled","footer-sml-layout":"","theme-transparent-header-meta":"","adv-header-id-meta":"","stick-header-meta":"","header-above-stick-meta":"","header-main-stick-meta":"","header-below-stick-meta":"","astra-migrate-meta-layouts":"default","ast-page-background-enabled":"default","ast-page-background-meta":{"desktop":{"background-color":"var(--ast-global-color-5)","background-image":"","background-repeat":"repeat","background-position":"center center","background-size":"auto","background-attachment":"scroll","background-type":"","background-media":"","overlay-type":"","overlay-color":"","overlay-opacity":"","overlay-gradient":""},"tablet":{"background-color":"","background-image":"","background-repeat":"repeat","background-position":"center center","background-size":"auto","background-attachment":"scroll","background-type":"","background-media":"","overlay-type":"","overlay-color":"","overlay-opacity":"","overlay-gradient":""},"mobile":{"background-color":"","background-image":"","background-repeat":"repeat","background-position":"center center","background-size":"auto","background-attachment":"scroll","background-type":"","background-media":"","overlay-type":"","overlay-color":"","overlay-opacity":"","overlay-gradient":""}},"ast-content-background-meta":{"desktop":{"background-color":"var(--ast-global-color-4)","background-image":"","background-repeat":"repeat","background-position":"center center","background-size":"auto","background-attachment":"scroll","background-type":"","background-media":"","overlay-type":"","overlay-color":"","overlay-opacity":"","overlay-gradient":""},"tablet":{"background-color":"var(--ast-global-color-4)","background-image":"","background-repeat":"repeat","background-position":"center center","background-size":"auto","background-attachment":"scroll","background-type":"","background-media":"","overlay-type":"","overlay-color":"","overlay-opacity":"","overlay-gradient":""},"mobile":{"background-color":"var(--ast-global-color-4)","background-image":"","background-repeat":"repeat","background-position":"center center","background-size":"auto","background-attachment":"scroll","background-type":"","background-media":"","overlay-type":"","overlay-color":"","overlay-opacity":"","overlay-gradient":""}},"footnotes":""},"class_list":["post-341","page","type-page","status-publish","hentry"],"rttpg_featured_image_url":null,"rttpg_author":{"display_name":"Edit\u00f6r","author_link":"https:\/\/stratejikankara.com\/index.php\/author\/stratejikankara_kiq4zhrk\/"},"rttpg_comment":0,"rttpg_category":null,"rttpg_excerpt":"Hakk\u0131m\u0131zda Ankara Stratejik Ara\u015ft\u0131rmalar Merkezi (ANKARA SAM), T\u00fcrkiye\u2019nin kalbinde, ba\u015fkent Ankara\u2019da, \u00fclkenin ve T\u00fcrk d\u00fcnyas\u0131n\u0131n gelece\u011fine y\u00f6nelik stratejik d\u00fc\u015f\u00fcnce \u00fcretmek [&hellip;]","_links":{"self":[{"href":"https:\/\/stratejikankara.com\/index.php\/wp-json\/wp\/v2\/pages\/341","targetHints":{"allow":["GET"]}}],"collection":[{"href":"https:\/\/stratejikankara.com\/index.php\/wp-json\/wp\/v2\/pages"}],"about":[{"href":"https:\/\/stratejikankara.com\/index.php\/wp-json\/wp\/v2\/types\/page"}],"author":[{"embeddable":true,"href":"https:\/\/stratejikankara.com\/index.php\/wp-json\/wp\/v2\/users\/1"}],"replies":[{"embeddable":true,"href":"https:\/\/stratejikankara.com\/index.php\/wp-json\/wp\/v2\/comments?post=341"}],"version-history":[{"count":10,"href":"https:\/\/stratejikankara.com\/index.php\/wp-json\/wp\/v2\/pages\/341\/revisions"}],"predecessor-version":[{"id":352,"href":"https:\/\/stratejikankara.com\/index.php\/wp-json\/wp\/v2\/pages\/341\/revisions\/352"}],"wp:attachment":[{"href":"https:\/\/stratejikankara.com\/index.php\/wp-json\/wp\/v2\/media?parent=341"}],"curies":[{"name":"wp","href":"https:\/\/api.w.org\/{rel}","templated":true}]}}